{"id":58,"date":"2020-01-07T16:55:16","date_gmt":"2020-01-07T16:55:16","guid":{"rendered":"http:\/\/seminarhaus-trier.de\/?page_id=58"},"modified":"2025-02-09T09:29:07","modified_gmt":"2025-02-09T09:29:07","slug":"preise","status":"publish","type":"page","link":"https:\/\/seminarhaus-trier.de\/?page_id=58","title":{"rendered":"Preise"},"content":{"rendered":"\t\t<div data-elementor-type=\"wp-page\" data-elementor-id=\"58\" class=\"elementor elementor-58\">\n\t\t\t\t\t\t<section class=\"elementor-section elementor-top-section elementor-element elementor-element-de4f78f elementor-section-boxed elementor-section-height-default elementor-section-height-default\" data-id=\"de4f78f\" data-element_type=\"section\">\n\t\t\t\t\t\t<div class=\"elementor-container elementor-column-gap-default\">\n\t\t\t\t\t<div class=\"elementor-column elementor-col-100 elementor-top-column elementor-element elementor-element-15d9789\" data-id=\"15d9789\" data-element_type=\"column\">\n\t\t\t<div class=\"elementor-widget-wrap elementor-element-populated\">\n\t\t\t\t\t\t<div class=\"elementor-element elementor-element-b71f092 elementor-hidden-tablet elementor-hidden-phone elementor-widget elementor-widget-spacer\" data-id=\"b71f092\" data-element_type=\"widget\" data-widget_type=\"spacer.default\">\n\t\t\t\t<div class=\"elementor-widget-container\">\n\t\t\t\t\t<div class=\"elementor-spacer\">\n\t\t\t<div class=\"elementor-spacer-inner\"><\/div>\n\t\t<\/div>\n\t\t\t\t<\/div>\n\t\t\t\t<\/div>\n\t\t\t\t\t<\/div>\n\t\t<\/div>\n\t\t\t\t\t<\/div>\n\t\t<\/section>\n\t\t\t\t<section class=\"elementor-section elementor-top-section elementor-element elementor-element-d4e1378 elementor-section-boxed elementor-section-height-default elementor-section-height-default\" data-id=\"d4e1378\" data-element_type=\"section\">\n\t\t\t\t\t\t<div class=\"elementor-container elementor-column-gap-default\">\n\t\t\t\t\t<div class=\"elementor-column elementor-col-33 elementor-top-column elementor-element elementor-element-a398eca\" data-id=\"a398eca\" data-element_type=\"column\">\n\t\t\t<div class=\"elementor-widget-wrap\">\n\t\t\t\t\t\t\t<\/div>\n\t\t<\/div>\n\t\t\t\t<div class=\"elementor-column elementor-col-33 elementor-top-column elementor-element elementor-element-13aa3de\" data-id=\"13aa3de\" data-element_type=\"column\">\n\t\t\t<div class=\"elementor-widget-wrap elementor-element-populated\">\n\t\t\t\t\t\t<div class=\"elementor-element elementor-element-f8426a7 elementor-widget elementor-widget-text-editor\" data-id=\"f8426a7\" data-element_type=\"widget\" data-widget_type=\"text-editor.default\">\n\t\t\t\t<div class=\"elementor-widget-container\">\n\t\t\t\t\t\t\t<p style=\"text-align: right;\">Preise<\/p>\t\t\t\t\t\t<\/div>\n\t\t\t\t<\/div>\n\t\t\t\t\t<\/div>\n\t\t<\/div>\n\t\t\t\t<div class=\"elementor-column elementor-col-33 elementor-top-column elementor-element elementor-element-05751df\" data-id=\"05751df\" data-element_type=\"column\">\n\t\t\t<div class=\"elementor-widget-wrap\">\n\t\t\t\t\t\t\t<\/div>\n\t\t<\/div>\n\t\t\t\t\t<\/div>\n\t\t<\/section>\n\t\t\t\t<section class=\"elementor-section elementor-top-section elementor-element elementor-element-f89e8bb elementor-section-boxed elementor-section-height-default elementor-section-height-default\" data-id=\"f89e8bb\" data-element_type=\"section\">\n\t\t\t\t\t\t<div class=\"elementor-container elementor-column-gap-default\">\n\t\t\t\t\t<div class=\"elementor-column elementor-col-33 elementor-top-column elementor-element elementor-element-bb3e0bb\" data-id=\"bb3e0bb\" data-element_type=\"column\">\n\t\t\t<div class=\"elementor-widget-wrap\">\n\t\t\t\t\t\t\t<\/div>\n\t\t<\/div>\n\t\t\t\t<div class=\"elementor-column elementor-col-33 elementor-top-column elementor-element elementor-element-5713957\" data-id=\"5713957\" data-element_type=\"column\">\n\t\t\t<div class=\"elementor-widget-wrap elementor-element-populated\">\n\t\t\t\t\t\t<div class=\"elementor-element elementor-element-d7367b6 elementor-widget elementor-widget-text-editor\" data-id=\"d7367b6\" data-element_type=\"widget\" data-widget_type=\"text-editor.default\">\n\t\t\t\t<div class=\"elementor-widget-container\">\n\t\t\t\t\t\t\t<p><span style=\"color: #333333;\"><span style=\"text-decoration: underline;\"><strong>Seminarhaus <\/strong><\/span>(ca 160qm auf 3 Etagen)<strong><br \/><\/strong><\/span><\/p><ul><li>Seminarr\u00e4ume ca.40 qm<\/li><li>K\u00fcche<\/li><li>5 Schlafzimmer, davon 1 Durchgangszimmer\u00a0<\/li><li>Badezimmer<\/li><li>WC<\/li><\/ul><p><em>\u00dcbernachtungspreise auf Anfrage\u00a0<\/em><\/p><p><span style=\"text-decoration: underline;\"><span style=\"color: #333333;\"><strong>Seminarraum<\/strong><\/span><\/span><\/p><ul><li>Seminarr\u00e4ume ca.40 qm<\/li><li>K\u00fcche<\/li><li>WC<\/li><\/ul><p><em>Preis: Preis pro Stunde und pro Person siehe Tabelle. <br \/><\/em><\/p><p><em>Individuelle Preisangebote auch m\u00f6glich<\/em><\/p><p><em><a href=\"http:\/\/seminarhaus-trier.de\/wp-content\/uploads\/2022\/07\/Preisliste-Seminarraum-im-Seminarhaus-Trier-im-Ruwertal.pdf\">Preistabelle siehe hier<\/a><br \/><\/em><\/p><p><em>\u00a0<\/em><\/p><p>\u00a0<\/p>\t\t\t\t\t\t<\/div>\n\t\t\t\t<\/div>\n\t\t\t\t<div class=\"elementor-element elementor-element-e5d6574 elementor-widget elementor-widget-image\" data-id=\"e5d6574\" data-element_type=\"widget\" data-widget_type=\"image.default\">\n\t\t\t\t<div class=\"elementor-widget-container\">\n\t\t\t\t\t\t\t\t\t\t\t\t\t<img fetchpriority=\"high\" decoding=\"async\" width=\"843\" height=\"646\" src=\"https:\/\/seminarhaus-trier.de\/wp-content\/uploads\/2025\/02\/Preistabelle-Seminarraum.jpg\" class=\"attachment-large size-large wp-image-735\" alt=\"\" srcset=\"https:\/\/seminarhaus-trier.de\/wp-content\/uploads\/2025\/02\/Preistabelle-Seminarraum.jpg 843w, https:\/\/seminarhaus-trier.de\/wp-content\/uploads\/2025\/02\/Preistabelle-Seminarraum-300x230.jpg 300w, https:\/\/seminarhaus-trier.de\/wp-content\/uploads\/2025\/02\/Preistabelle-Seminarraum-768x589.jpg 768w\" sizes=\"(max-width: 843px) 100vw, 843px\" \/>\t\t\t\t\t\t\t\t\t\t\t\t\t<\/div>\n\t\t\t\t<\/div>\n\t\t\t\t\t<\/div>\n\t\t<\/div>\n\t\t\t\t<div class=\"elementor-column elementor-col-33 elementor-top-column elementor-element elementor-element-fcc69af\" data-id=\"fcc69af\" data-element_type=\"column\">\n\t\t\t<div class=\"elementor-widget-wrap elementor-element-populated\">\n\t\t\t\t\t\t<div class=\"elementor-element elementor-element-20f273e elementor-widget elementor-widget-image\" data-id=\"20f273e\" data-element_type=\"widget\" data-widget_type=\"image.default\">\n\t\t\t\t<div class=\"elementor-widget-container\">\n\t\t\t\t\t\t\t\t\t\t\t\t\t<img decoding=\"async\" width=\"300\" height=\"294\" src=\"https:\/\/seminarhaus-trier.de\/wp-content\/uploads\/2020\/03\/Grundriss-EG-300x294.jpg\" class=\"attachment-medium size-medium wp-image-406\" alt=\"\" srcset=\"https:\/\/seminarhaus-trier.de\/wp-content\/uploads\/2020\/03\/Grundriss-EG-300x294.jpg 300w, https:\/\/seminarhaus-trier.de\/wp-content\/uploads\/2020\/03\/Grundriss-EG-1024x1003.jpg 1024w, https:\/\/seminarhaus-trier.de\/wp-content\/uploads\/2020\/03\/Grundriss-EG-768x752.jpg 768w, https:\/\/seminarhaus-trier.de\/wp-content\/uploads\/2020\/03\/Grundriss-EG.jpg 1453w\" sizes=\"(max-width: 300px) 100vw, 300px\" \/>\t\t\t\t\t\t\t\t\t\t\t\t\t<\/div>\n\t\t\t\t<\/div>\n\t\t\t\t<div class=\"elementor-element elementor-element-b7b102b elementor-widget elementor-widget-image\" data-id=\"b7b102b\" data-element_type=\"widget\" data-widget_type=\"image.default\">\n\t\t\t\t<div class=\"elementor-widget-container\">\n\t\t\t\t\t\t\t\t\t\t\t\t\t<img decoding=\"async\" width=\"300\" height=\"289\" src=\"https:\/\/seminarhaus-trier.de\/wp-content\/uploads\/2020\/03\/Grundriss-1.OG_-300x289.jpg\" class=\"attachment-medium size-medium wp-image-405\" alt=\"\" srcset=\"https:\/\/seminarhaus-trier.de\/wp-content\/uploads\/2020\/03\/Grundriss-1.OG_-300x289.jpg 300w, https:\/\/seminarhaus-trier.de\/wp-content\/uploads\/2020\/03\/Grundriss-1.OG_-1024x987.jpg 1024w, https:\/\/seminarhaus-trier.de\/wp-content\/uploads\/2020\/03\/Grundriss-1.OG_-768x741.jpg 768w, https:\/\/seminarhaus-trier.de\/wp-content\/uploads\/2020\/03\/Grundriss-1.OG_.jpg 1286w\" sizes=\"(max-width: 300px) 100vw, 300px\" \/>\t\t\t\t\t\t\t\t\t\t\t\t\t<\/div>\n\t\t\t\t<\/div>\n\t\t\t\t<div class=\"elementor-element elementor-element-23d5886 elementor-widget elementor-widget-image\" data-id=\"23d5886\" data-element_type=\"widget\" data-widget_type=\"image.default\">\n\t\t\t\t<div class=\"elementor-widget-container\">\n\t\t\t\t\t\t\t\t\t\t\t\t\t<img loading=\"lazy\" decoding=\"async\" width=\"300\" height=\"236\" src=\"https:\/\/seminarhaus-trier.de\/wp-content\/uploads\/2020\/03\/Grundriss-DG-300x236.jpg\" class=\"attachment-medium size-medium wp-image-407\" alt=\"\" srcset=\"https:\/\/seminarhaus-trier.de\/wp-content\/uploads\/2020\/03\/Grundriss-DG-300x236.jpg 300w, https:\/\/seminarhaus-trier.de\/wp-content\/uploads\/2020\/03\/Grundriss-DG-1024x804.jpg 1024w, https:\/\/seminarhaus-trier.de\/wp-content\/uploads\/2020\/03\/Grundriss-DG-768x603.jpg 768w, https:\/\/seminarhaus-trier.de\/wp-content\/uploads\/2020\/03\/Grundriss-DG.jpg 1182w\" sizes=\"(max-width: 300px) 100vw, 300px\" \/>\t\t\t\t\t\t\t\t\t\t\t\t\t<\/div>\n\t\t\t\t<\/div>\n\t\t\t\t\t<\/div>\n\t\t<\/div>\n\t\t\t\t\t<\/div>\n\t\t<\/section>\n\t\t\t\t<section class=\"elementor-section elementor-top-section elementor-element elementor-element-2fe6578 elementor-section-boxed elementor-section-height-default elementor-section-height-default\" data-id=\"2fe6578\" data-element_type=\"section\">\n\t\t\t\t\t\t<div class=\"elementor-container elementor-column-gap-default\">\n\t\t\t\t\t<div class=\"elementor-column elementor-col-50 elementor-top-column elementor-element elementor-element-c93e356\" data-id=\"c93e356\" data-element_type=\"column\">\n\t\t\t<div class=\"elementor-widget-wrap\">\n\t\t\t\t\t\t\t<\/div>\n\t\t<\/div>\n\t\t\t\t<div class=\"elementor-column elementor-col-50 elementor-top-column elementor-element elementor-element-defea5b\" data-id=\"defea5b\" data-element_type=\"column\">\n\t\t\t<div class=\"elementor-widget-wrap elementor-element-populated\">\n\t\t\t\t\t\t<div class=\"elementor-element elementor-element-cf10a3d elementor-widget elementor-widget-text-editor\" data-id=\"cf10a3d\" data-element_type=\"widget\" data-widget_type=\"text-editor.default\">\n\t\t\t\t<div class=\"elementor-widget-container\">\n\t\t\t\t\t\t\t<p><span style=\"text-decoration: underline;\"><span style=\"color: #000000;\"><strong>Allgemein<\/strong><\/span><\/span><\/p><ul><li>Anreise ab 16:00 Uhr, Abreise bis 10:00 Uhr,\u00a0 oder nach Absprache<\/li><li>Pauschalpreise m\u00f6glich<\/li><li>Stornobedingungen:<br \/>Bis 14 Tage vor Termin ist kostenlos, bis 7 Tage vor Termin berechnen wir 50% und danach m\u00fcssen wir leider die komplette \u00dcbernachtungsgeb\u00fchr berechnen.<\/li><li>Bitte nehmen Sie auch unsere <a href=\"http:\/\/seminarhaus-trier.de\/wp-content\/uploads\/2020\/09\/AGBs-f\u00fcr-Seminarhaus-Trier.pdf\">Allgemeinen Gesch\u00e4ftsbedingungen<\/a> und die <a href=\"http:\/\/seminarhaus-trier.de\/wp-content\/uploads\/2021\/06\/Hausordnung-Seminarhaus-Trier.pdf\">Hausordnung<\/a> zur Kenntnis.<\/li><\/ul>\t\t\t\t\t\t<\/div>\n\t\t\t\t<\/div>\n\t\t\t\t\t<\/div>\n\t\t<\/div>\n\t\t\t\t\t<\/div>\n\t\t<\/section>\n\t\t\t\t<\/div>\n\t\t","protected":false},"excerpt":{"rendered":"<p>Preise Seminarhaus (ca 160qm auf 3 Etagen) Seminarr\u00e4ume ca.40 qm K\u00fcche 5 Schlafzimmer, davon 1 Durchgangszimmer\u00a0 Badezimmer WC \u00dcbernachtungspreise auf Anfrage\u00a0 Seminarraum Seminarr\u00e4ume ca.40 qm K\u00fcche WC Preis: Preis pro Stunde und pro Person siehe Tabelle. Individuelle Preisangebote auch m\u00f6glich Preistabelle siehe hier \u00a0 \u00a0 Allgemein Anreise ab 16:00 Uhr, Abreise bis 10:00 Uhr,\u00a0 oder [&hellip;]<\/p>\n","protected":false},"author":1,"featured_media":0,"parent":0,"menu_order":0,"comment_status":"closed","ping_status":"closed","template":"","meta":{"ocean_post_layout":"full-screen","ocean_both_sidebars_style":"","ocean_both_sidebars_content_width":0,"ocean_both_sidebars_sidebars_width":0,"ocean_sidebar":"0","ocean_second_sidebar":"0","ocean_disable_margins":"enable","ocean_add_body_class":"","ocean_shortcode_before_top_bar":"","ocean_shortcode_after_top_bar":"","ocean_shortcode_before_header":"","ocean_shortcode_after_header":"","ocean_has_shortcode":"","ocean_shortcode_after_title":"","ocean_shortcode_before_footer_widgets":"","ocean_shortcode_after_footer_widgets":"","ocean_shortcode_before_footer_bottom":"","ocean_shortcode_after_footer_bottom":"","ocean_display_top_bar":"on","ocean_display_header":"on","ocean_header_style":"","ocean_center_header_left_menu":"0","ocean_custom_header_template":"0","ocean_custom_logo":0,"ocean_custom_retina_logo":0,"ocean_custom_logo_max_width":0,"ocean_custom_logo_tablet_max_width":0,"ocean_custom_logo_mobile_max_width":0,"ocean_custom_logo_max_height":0,"ocean_custom_logo_tablet_max_height":0,"ocean_custom_logo_mobile_max_height":0,"ocean_header_custom_menu":"0","ocean_menu_typo_font_family":"0","ocean_menu_typo_font_subset":"","ocean_menu_typo_font_size":0,"ocean_menu_typo_font_size_tablet":0,"ocean_menu_typo_font_size_mobile":0,"ocean_menu_typo_font_size_unit":"px","ocean_menu_typo_font_weight":"","ocean_menu_typo_font_weight_tablet":"","ocean_menu_typo_font_weight_mobile":"","ocean_menu_typo_transform":"","ocean_menu_typo_transform_tablet":"","ocean_menu_typo_transform_mobile":"","ocean_menu_typo_line_height":0,"ocean_menu_typo_line_height_tablet":0,"ocean_menu_typo_line_height_mobile":0,"ocean_menu_typo_line_height_unit":"","ocean_menu_typo_spacing":0,"ocean_menu_typo_spacing_tablet":0,"ocean_menu_typo_spacing_mobile":0,"ocean_menu_typo_spacing_unit":"","ocean_menu_link_color":"","ocean_menu_link_color_hover":"","ocean_menu_link_color_active":"","ocean_menu_link_background":"","ocean_menu_link_hover_background":"","ocean_menu_link_active_background":"","ocean_menu_social_links_bg":"","ocean_menu_social_hover_links_bg":"","ocean_menu_social_links_color":"","ocean_menu_social_hover_links_color":"","ocean_disable_title":"on","ocean_disable_heading":"default","ocean_post_title":"","ocean_post_subheading":"","ocean_post_title_style":"","ocean_post_title_background_color":"","ocean_post_title_background":0,"ocean_post_title_bg_image_position":"","ocean_post_title_bg_image_attachment":"","ocean_post_title_bg_image_repeat":"","ocean_post_title_bg_image_size":"","ocean_post_title_height":0,"ocean_post_title_bg_overlay":0.5,"ocean_post_title_bg_overlay_color":"","ocean_disable_breadcrumbs":"default","ocean_breadcrumbs_color":"","ocean_breadcrumbs_separator_color":"","ocean_breadcrumbs_links_color":"","ocean_breadcrumbs_links_hover_color":"","ocean_display_footer_widgets":"on","ocean_display_footer_bottom":"on","ocean_custom_footer_template":"0","footnotes":""},"_links":{"self":[{"href":"https:\/\/seminarhaus-trier.de\/index.php?rest_route=\/wp\/v2\/pages\/58"}],"collection":[{"href":"https:\/\/seminarhaus-trier.de\/index.php?rest_route=\/wp\/v2\/pages"}],"about":[{"href":"https:\/\/seminarhaus-trier.de\/index.php?rest_route=\/wp\/v2\/types\/page"}],"author":[{"embeddable":true,"href":"https:\/\/seminarhaus-trier.de\/index.php?rest_route=\/wp\/v2\/users\/1"}],"replies":[{"embeddable":true,"href":"https:\/\/seminarhaus-trier.de\/index.php?rest_route=%2Fwp%2Fv2%2Fcomments&post=58"}],"version-history":[{"count":45,"href":"https:\/\/seminarhaus-trier.de\/index.php?rest_route=\/wp\/v2\/pages\/58\/revisions"}],"predecessor-version":[{"id":738,"href":"https:\/\/seminarhaus-trier.de\/index.php?rest_route=\/wp\/v2\/pages\/58\/revisions\/738"}],"wp:attachment":[{"href":"https:\/\/seminarhaus-trier.de\/index.php?rest_route=%2Fwp%2Fv2%2Fmedia&parent=58"}],"curies":[{"name":"wp","href":"https:\/\/api.w.org\/{rel}","templated":true}]}}