{"id":51,"date":"2020-01-07T16:52:10","date_gmt":"2020-01-07T16:52:10","guid":{"rendered":"http:\/\/seminarhaus-trier.de\/?page_id=51"},"modified":"2021-01-28T21:46:44","modified_gmt":"2021-01-28T21:46:44","slug":"seminarraum","status":"publish","type":"page","link":"https:\/\/seminarhaus-trier.de\/?page_id=51","title":{"rendered":"Seminarraum"},"content":{"rendered":"\t\t<div data-elementor-type=\"wp-page\" data-elementor-id=\"51\" class=\"elementor elementor-51\">\n\t\t\t\t\t\t<section class=\"elementor-section elementor-top-section elementor-element elementor-element-5fffc68 elementor-section-boxed elementor-section-height-default elementor-section-height-default\" data-id=\"5fffc68\" data-element_type=\"section\">\n\t\t\t\t\t\t<div class=\"elementor-container elementor-column-gap-default\">\n\t\t\t\t\t<div class=\"elementor-column elementor-col-100 elementor-top-column elementor-element elementor-element-25ca1f2\" data-id=\"25ca1f2\" data-element_type=\"column\">\n\t\t\t<div class=\"elementor-widget-wrap elementor-element-populated\">\n\t\t\t\t\t\t<div class=\"elementor-element elementor-element-8d93496 elementor-hidden-tablet elementor-hidden-phone elementor-widget elementor-widget-spacer\" data-id=\"8d93496\" data-element_type=\"widget\" data-widget_type=\"spacer.default\">\n\t\t\t\t<div class=\"elementor-widget-container\">\n\t\t\t\t\t<div class=\"elementor-spacer\">\n\t\t\t<div class=\"elementor-spacer-inner\"><\/div>\n\t\t<\/div>\n\t\t\t\t<\/div>\n\t\t\t\t<\/div>\n\t\t\t\t\t<\/div>\n\t\t<\/div>\n\t\t\t\t\t<\/div>\n\t\t<\/section>\n\t\t\t\t<section class=\"elementor-section elementor-top-section elementor-element elementor-element-f6ce0ad elementor-section-boxed elementor-section-height-default elementor-section-height-default\" data-id=\"f6ce0ad\" data-element_type=\"section\">\n\t\t\t\t\t\t<div class=\"elementor-container elementor-column-gap-default\">\n\t\t\t\t\t<div class=\"elementor-column elementor-col-33 elementor-top-column elementor-element elementor-element-1a4ce6a\" data-id=\"1a4ce6a\" data-element_type=\"column\">\n\t\t\t<div class=\"elementor-widget-wrap\">\n\t\t\t\t\t\t\t<\/div>\n\t\t<\/div>\n\t\t\t\t<div class=\"elementor-column elementor-col-33 elementor-top-column elementor-element elementor-element-ce5eba2\" data-id=\"ce5eba2\" data-element_type=\"column\">\n\t\t\t<div class=\"elementor-widget-wrap elementor-element-populated\">\n\t\t\t\t\t\t<div class=\"elementor-element elementor-element-3a9fb34 elementor-widget elementor-widget-text-editor\" data-id=\"3a9fb34\" data-element_type=\"widget\" data-widget_type=\"text-editor.default\">\n\t\t\t\t<div class=\"elementor-widget-container\">\n\t\t\t\t\t\t\t<p style=\"text-align: right;\">Seminarraum<\/p>\t\t\t\t\t\t<\/div>\n\t\t\t\t<\/div>\n\t\t\t\t\t<\/div>\n\t\t<\/div>\n\t\t\t\t<div class=\"elementor-column elementor-col-33 elementor-top-column elementor-element elementor-element-dd46144\" data-id=\"dd46144\" data-element_type=\"column\">\n\t\t\t<div class=\"elementor-widget-wrap elementor-element-populated\">\n\t\t\t\t\t\t\t<\/div>\n\t\t<\/div>\n\t\t\t\t\t<\/div>\n\t\t<\/section>\n\t\t\t\t<section class=\"elementor-section elementor-top-section elementor-element elementor-element-3d26c2f elementor-section-boxed elementor-section-height-default elementor-section-height-default\" data-id=\"3d26c2f\" data-element_type=\"section\">\n\t\t\t\t\t\t<div class=\"elementor-container elementor-column-gap-default\">\n\t\t\t\t\t<div class=\"elementor-column elementor-col-33 elementor-top-column elementor-element elementor-element-6846607\" data-id=\"6846607\" data-element_type=\"column\">\n\t\t\t<div class=\"elementor-widget-wrap elementor-element-populated\">\n\t\t\t\t\t\t<div class=\"elementor-element elementor-element-255ee52 elementor-widget elementor-widget-image\" data-id=\"255ee52\" data-element_type=\"widget\" data-widget_type=\"image.default\">\n\t\t\t\t<div class=\"elementor-widget-container\">\n\t\t\t\t\t\t\t\t\t\t\t\t\t<img fetchpriority=\"high\" decoding=\"async\" width=\"768\" height=\"576\" src=\"https:\/\/seminarhaus-trier.de\/wp-content\/uploads\/2020\/05\/seminarraum-2-768x576.jpg\" class=\"attachment-medium_large size-medium_large wp-image-425\" alt=\"\" srcset=\"https:\/\/seminarhaus-trier.de\/wp-content\/uploads\/2020\/05\/seminarraum-2-768x576.jpg 768w, https:\/\/seminarhaus-trier.de\/wp-content\/uploads\/2020\/05\/seminarraum-2-300x225.jpg 300w, https:\/\/seminarhaus-trier.de\/wp-content\/uploads\/2020\/05\/seminarraum-2-1024x768.jpg 1024w, https:\/\/seminarhaus-trier.de\/wp-content\/uploads\/2020\/05\/seminarraum-2-1536x1152.jpg 1536w, https:\/\/seminarhaus-trier.de\/wp-content\/uploads\/2020\/05\/seminarraum-2-2048x1536.jpg 2048w\" sizes=\"(max-width: 768px) 100vw, 768px\" \/>\t\t\t\t\t\t\t\t\t\t\t\t\t<\/div>\n\t\t\t\t<\/div>\n\t\t\t\t\t<\/div>\n\t\t<\/div>\n\t\t\t\t<div class=\"elementor-column elementor-col-33 elementor-top-column elementor-element elementor-element-ac5d747\" data-id=\"ac5d747\" data-element_type=\"column\">\n\t\t\t<div class=\"elementor-widget-wrap\">\n\t\t\t\t\t\t\t<\/div>\n\t\t<\/div>\n\t\t\t\t<div class=\"elementor-column elementor-col-33 elementor-top-column elementor-element elementor-element-83fa553\" data-id=\"83fa553\" data-element_type=\"column\">\n\t\t\t<div class=\"elementor-widget-wrap elementor-element-populated\">\n\t\t\t\t\t\t<div class=\"elementor-element elementor-element-7308969 elementor-widget elementor-widget-image\" data-id=\"7308969\" data-element_type=\"widget\" data-widget_type=\"image.default\">\n\t\t\t\t<div class=\"elementor-widget-container\">\n\t\t\t\t\t\t\t\t\t\t\t\t\t<img decoding=\"async\" width=\"768\" height=\"1024\" src=\"https:\/\/seminarhaus-trier.de\/wp-content\/uploads\/2021\/01\/IMG_20210126_150246-768x1024.jpg\" class=\"attachment-medium_large size-medium_large wp-image-489\" alt=\"\" srcset=\"https:\/\/seminarhaus-trier.de\/wp-content\/uploads\/2021\/01\/IMG_20210126_150246-768x1024.jpg 768w, https:\/\/seminarhaus-trier.de\/wp-content\/uploads\/2021\/01\/IMG_20210126_150246-225x300.jpg 225w, https:\/\/seminarhaus-trier.de\/wp-content\/uploads\/2021\/01\/IMG_20210126_150246-1152x1536.jpg 1152w, https:\/\/seminarhaus-trier.de\/wp-content\/uploads\/2021\/01\/IMG_20210126_150246-1536x2048.jpg 1536w, https:\/\/seminarhaus-trier.de\/wp-content\/uploads\/2021\/01\/IMG_20210126_150246-scaled.jpg 1920w\" sizes=\"(max-width: 768px) 100vw, 768px\" \/>\t\t\t\t\t\t\t\t\t\t\t\t\t<\/div>\n\t\t\t\t<\/div>\n\t\t\t\t\t<\/div>\n\t\t<\/div>\n\t\t\t\t\t<\/div>\n\t\t<\/section>\n\t\t\t\t<section class=\"elementor-section elementor-top-section elementor-element elementor-element-9978b6c elementor-section-boxed elementor-section-height-default elementor-section-height-default\" data-id=\"9978b6c\" data-element_type=\"section\">\n\t\t\t\t\t\t<div class=\"elementor-container elementor-column-gap-default\">\n\t\t\t\t\t<div class=\"elementor-column elementor-col-33 elementor-top-column elementor-element elementor-element-60f234b\" data-id=\"60f234b\" data-element_type=\"column\">\n\t\t\t<div class=\"elementor-widget-wrap elementor-element-populated\">\n\t\t\t\t\t\t<div class=\"elementor-element elementor-element-aa12dad elementor-widget elementor-widget-image\" data-id=\"aa12dad\" data-element_type=\"widget\" data-widget_type=\"image.default\">\n\t\t\t\t<div class=\"elementor-widget-container\">\n\t\t\t\t\t\t\t\t\t\t\t\t\t<img decoding=\"async\" width=\"768\" height=\"576\" src=\"https:\/\/seminarhaus-trier.de\/wp-content\/uploads\/2020\/01\/IMG_20190531_175558-768x576.jpg\" class=\"attachment-medium_large size-medium_large wp-image-99\" alt=\"\" srcset=\"https:\/\/seminarhaus-trier.de\/wp-content\/uploads\/2020\/01\/IMG_20190531_175558-768x576.jpg 768w, https:\/\/seminarhaus-trier.de\/wp-content\/uploads\/2020\/01\/IMG_20190531_175558-300x225.jpg 300w, https:\/\/seminarhaus-trier.de\/wp-content\/uploads\/2020\/01\/IMG_20190531_175558-1024x768.jpg 1024w, https:\/\/seminarhaus-trier.de\/wp-content\/uploads\/2020\/01\/IMG_20190531_175558-1536x1152.jpg 1536w, https:\/\/seminarhaus-trier.de\/wp-content\/uploads\/2020\/01\/IMG_20190531_175558-2048x1536.jpg 2048w\" sizes=\"(max-width: 768px) 100vw, 768px\" \/>\t\t\t\t\t\t\t\t\t\t\t\t\t<\/div>\n\t\t\t\t<\/div>\n\t\t\t\t\t<\/div>\n\t\t<\/div>\n\t\t\t\t<div class=\"elementor-column elementor-col-33 elementor-top-column elementor-element elementor-element-29577bc\" data-id=\"29577bc\" data-element_type=\"column\">\n\t\t\t<div class=\"elementor-widget-wrap elementor-element-populated\">\n\t\t\t\t\t\t<div class=\"elementor-element elementor-element-287c861 elementor-widget elementor-widget-image\" data-id=\"287c861\" data-element_type=\"widget\" data-widget_type=\"image.default\">\n\t\t\t\t<div class=\"elementor-widget-container\">\n\t\t\t\t\t\t\t\t\t\t\t\t\t<img loading=\"lazy\" decoding=\"async\" width=\"768\" height=\"576\" src=\"https:\/\/seminarhaus-trier.de\/wp-content\/uploads\/2021\/01\/IMG_20210126_150846-768x576.jpg\" class=\"attachment-medium_large size-medium_large wp-image-492\" alt=\"\" srcset=\"https:\/\/seminarhaus-trier.de\/wp-content\/uploads\/2021\/01\/IMG_20210126_150846-768x576.jpg 768w, https:\/\/seminarhaus-trier.de\/wp-content\/uploads\/2021\/01\/IMG_20210126_150846-300x225.jpg 300w, https:\/\/seminarhaus-trier.de\/wp-content\/uploads\/2021\/01\/IMG_20210126_150846-1024x768.jpg 1024w, https:\/\/seminarhaus-trier.de\/wp-content\/uploads\/2021\/01\/IMG_20210126_150846-1536x1152.jpg 1536w, https:\/\/seminarhaus-trier.de\/wp-content\/uploads\/2021\/01\/IMG_20210126_150846-2048x1536.jpg 2048w\" sizes=\"(max-width: 768px) 100vw, 768px\" \/>\t\t\t\t\t\t\t\t\t\t\t\t\t<\/div>\n\t\t\t\t<\/div>\n\t\t\t\t\t<\/div>\n\t\t<\/div>\n\t\t\t\t<div class=\"elementor-column elementor-col-33 elementor-top-column elementor-element elementor-element-2150631\" data-id=\"2150631\" data-element_type=\"column\">\n\t\t\t<div class=\"elementor-widget-wrap elementor-element-populated\">\n\t\t\t\t\t\t<div class=\"elementor-element elementor-element-d64c19c elementor-widget elementor-widget-text-editor\" data-id=\"d64c19c\" data-element_type=\"widget\" data-widget_type=\"text-editor.default\">\n\t\t\t\t<div class=\"elementor-widget-container\">\n\t\t\t\t\t\t\t<p style=\"text-align: right;\"><b>Der Seminarraum besteht aus zwei zusammen h\u00e4ngenden Zimmern von insgesammt ca 40qm. Die hohen Raumdecken des Altbaus, die hellen Fenster zu drei Himmelsrichtungen sowie Fu\u00dfboden aus alt restaurierten Holzdielen sorgen f\u00fcr ein angenehmes Raumgef\u00fchl. <br \/><\/b><\/p><p style=\"text-align: right;\"><b>Vom Seminarraum hat man Zugang zu dem Balkon, von welchem man direkt \u00fcber den Garten hinweg auf die Ruwer schaut. <br \/><\/b><\/p>\t\t\t\t\t\t<\/div>\n\t\t\t\t<\/div>\n\t\t\t\t\t<\/div>\n\t\t<\/div>\n\t\t\t\t\t<\/div>\n\t\t<\/section>\n\t\t\t\t<section class=\"elementor-section elementor-top-section elementor-element elementor-element-29f9761 elementor-section-boxed elementor-section-height-default elementor-section-height-default\" data-id=\"29f9761\" data-element_type=\"section\">\n\t\t\t\t\t\t<div class=\"elementor-container elementor-column-gap-default\">\n\t\t\t\t\t<div class=\"elementor-column elementor-col-50 elementor-top-column elementor-element elementor-element-7d22e98\" data-id=\"7d22e98\" data-element_type=\"column\">\n\t\t\t<div class=\"elementor-widget-wrap elementor-element-populated\">\n\t\t\t\t\t\t<div class=\"elementor-element elementor-element-3ca9f76 elementor-widget elementor-widget-image\" data-id=\"3ca9f76\" data-element_type=\"widget\" data-widget_type=\"image.default\">\n\t\t\t\t<div class=\"elementor-widget-container\">\n\t\t\t\t\t\t\t\t\t\t\t\t\t<img loading=\"lazy\" decoding=\"async\" width=\"768\" height=\"576\" src=\"https:\/\/seminarhaus-trier.de\/wp-content\/uploads\/2020\/05\/seminarraum-3-768x576.jpg\" class=\"attachment-medium_large size-medium_large wp-image-426\" alt=\"\" srcset=\"https:\/\/seminarhaus-trier.de\/wp-content\/uploads\/2020\/05\/seminarraum-3-768x576.jpg 768w, https:\/\/seminarhaus-trier.de\/wp-content\/uploads\/2020\/05\/seminarraum-3-300x225.jpg 300w, https:\/\/seminarhaus-trier.de\/wp-content\/uploads\/2020\/05\/seminarraum-3-1024x768.jpg 1024w, https:\/\/seminarhaus-trier.de\/wp-content\/uploads\/2020\/05\/seminarraum-3-1536x1152.jpg 1536w, https:\/\/seminarhaus-trier.de\/wp-content\/uploads\/2020\/05\/seminarraum-3-2048x1536.jpg 2048w\" sizes=\"(max-width: 768px) 100vw, 768px\" \/>\t\t\t\t\t\t\t\t\t\t\t\t\t<\/div>\n\t\t\t\t<\/div>\n\t\t\t\t\t<\/div>\n\t\t<\/div>\n\t\t\t\t<div class=\"elementor-column elementor-col-50 elementor-top-column elementor-element elementor-element-46ed43e\" data-id=\"46ed43e\" data-element_type=\"column\">\n\t\t\t<div class=\"elementor-widget-wrap elementor-element-populated\">\n\t\t\t\t\t\t<div class=\"elementor-element elementor-element-0a85149 elementor-widget elementor-widget-image\" data-id=\"0a85149\" data-element_type=\"widget\" data-widget_type=\"image.default\">\n\t\t\t\t<div class=\"elementor-widget-container\">\n\t\t\t\t\t\t\t\t\t\t\t\t\t<img loading=\"lazy\" decoding=\"async\" width=\"768\" height=\"1024\" src=\"https:\/\/seminarhaus-trier.de\/wp-content\/uploads\/2020\/05\/Seminarraum-4-768x1024.jpg\" class=\"attachment-medium_large size-medium_large wp-image-427\" alt=\"\" srcset=\"https:\/\/seminarhaus-trier.de\/wp-content\/uploads\/2020\/05\/Seminarraum-4-768x1024.jpg 768w, https:\/\/seminarhaus-trier.de\/wp-content\/uploads\/2020\/05\/Seminarraum-4-225x300.jpg 225w, https:\/\/seminarhaus-trier.de\/wp-content\/uploads\/2020\/05\/Seminarraum-4-1152x1536.jpg 1152w, https:\/\/seminarhaus-trier.de\/wp-content\/uploads\/2020\/05\/Seminarraum-4-1536x2048.jpg 1536w, https:\/\/seminarhaus-trier.de\/wp-content\/uploads\/2020\/05\/Seminarraum-4-scaled.jpg 1920w\" sizes=\"(max-width: 768px) 100vw, 768px\" \/>\t\t\t\t\t\t\t\t\t\t\t\t\t<\/div>\n\t\t\t\t<\/div>\n\t\t\t\t\t<\/div>\n\t\t<\/div>\n\t\t\t\t\t<\/div>\n\t\t<\/section>\n\t\t\t\t<\/div>\n\t\t","protected":false},"excerpt":{"rendered":"<p>Seminarraum Der Seminarraum besteht aus zwei zusammen h\u00e4ngenden Zimmern von insgesammt ca 40qm. Die hohen Raumdecken des Altbaus, die hellen Fenster zu drei Himmelsrichtungen sowie Fu\u00dfboden aus alt restaurierten Holzdielen sorgen f\u00fcr ein angenehmes Raumgef\u00fchl. Vom Seminarraum hat man Zugang zu dem Balkon, von welchem man direkt \u00fcber den Garten hinweg auf die Ruwer schaut.<\/p>\n","protected":false},"author":1,"featured_media":0,"parent":0,"menu_order":0,"comment_status":"closed","ping_status":"closed","template":"","meta":{"ocean_post_layout":"full-screen","ocean_both_sidebars_style":"","ocean_both_sidebars_content_width":0,"ocean_both_sidebars_sidebars_width":0,"ocean_sidebar":"0","ocean_second_sidebar":"0","ocean_disable_margins":"enable","ocean_add_body_class":"","ocean_shortcode_before_top_bar":"","ocean_shortcode_after_top_bar":"","ocean_shortcode_before_header":"","ocean_shortcode_after_header":"","ocean_has_shortcode":"","ocean_shortcode_after_title":"","ocean_shortcode_before_footer_widgets":"","ocean_shortcode_after_footer_widgets":"","ocean_shortcode_before_footer_bottom":"","ocean_shortcode_after_footer_bottom":"","ocean_display_top_bar":"on","ocean_display_header":"on","ocean_header_style":"","ocean_center_header_left_menu":"0","ocean_custom_header_template":"0","ocean_custom_logo":0,"ocean_custom_retina_logo":0,"ocean_custom_logo_max_width":0,"ocean_custom_logo_tablet_max_width":0,"ocean_custom_logo_mobile_max_width":0,"ocean_custom_logo_max_height":0,"ocean_custom_logo_tablet_max_height":0,"ocean_custom_logo_mobile_max_height":0,"ocean_header_custom_menu":"0","ocean_menu_typo_font_family":"0","ocean_menu_typo_font_subset":"","ocean_menu_typo_font_size":0,"ocean_menu_typo_font_size_tablet":0,"ocean_menu_typo_font_size_mobile":0,"ocean_menu_typo_font_size_unit":"px","ocean_menu_typo_font_weight":"","ocean_menu_typo_font_weight_tablet":"","ocean_menu_typo_font_weight_mobile":"","ocean_menu_typo_transform":"","ocean_menu_typo_transform_tablet":"","ocean_menu_typo_transform_mobile":"","ocean_menu_typo_line_height":0,"ocean_menu_typo_line_height_tablet":0,"ocean_menu_typo_line_height_mobile":0,"ocean_menu_typo_line_height_unit":"","ocean_menu_typo_spacing":0,"ocean_menu_typo_spacing_tablet":0,"ocean_menu_typo_spacing_mobile":0,"ocean_menu_typo_spacing_unit":"","ocean_menu_link_color":"","ocean_menu_link_color_hover":"","ocean_menu_link_color_active":"","ocean_menu_link_background":"","ocean_menu_link_hover_background":"","ocean_menu_link_active_background":"","ocean_menu_social_links_bg":"","ocean_menu_social_hover_links_bg":"","ocean_menu_social_links_color":"","ocean_menu_social_hover_links_color":"","ocean_disable_title":"on","ocean_disable_heading":"default","ocean_post_title":"","ocean_post_subheading":"","ocean_post_title_style":"","ocean_post_title_background_color":"","ocean_post_title_background":0,"ocean_post_title_bg_image_position":"","ocean_post_title_bg_image_attachment":"","ocean_post_title_bg_image_repeat":"","ocean_post_title_bg_image_size":"","ocean_post_title_height":0,"ocean_post_title_bg_overlay":0.5,"ocean_post_title_bg_overlay_color":"","ocean_disable_breadcrumbs":"default","ocean_breadcrumbs_color":"","ocean_breadcrumbs_separator_color":"","ocean_breadcrumbs_links_color":"","ocean_breadcrumbs_links_hover_color":"","ocean_display_footer_widgets":"on","ocean_display_footer_bottom":"on","ocean_custom_footer_template":"0","footnotes":""},"_links":{"self":[{"href":"https:\/\/seminarhaus-trier.de\/index.php?rest_route=\/wp\/v2\/pages\/51"}],"collection":[{"href":"https:\/\/seminarhaus-trier.de\/index.php?rest_route=\/wp\/v2\/pages"}],"about":[{"href":"https:\/\/seminarhaus-trier.de\/index.php?rest_route=\/wp\/v2\/types\/page"}],"author":[{"embeddable":true,"href":"https:\/\/seminarhaus-trier.de\/index.php?rest_route=\/wp\/v2\/users\/1"}],"replies":[{"embeddable":true,"href":"https:\/\/seminarhaus-trier.de\/index.php?rest_route=%2Fwp%2Fv2%2Fcomments&post=51"}],"version-history":[{"count":17,"href":"https:\/\/seminarhaus-trier.de\/index.php?rest_route=\/wp\/v2\/pages\/51\/revisions"}],"predecessor-version":[{"id":512,"href":"https:\/\/seminarhaus-trier.de\/index.php?rest_route=\/wp\/v2\/pages\/51\/revisions\/512"}],"wp:attachment":[{"href":"https:\/\/seminarhaus-trier.de\/index.php?rest_route=%2Fwp%2Fv2%2Fmedia&parent=51"}],"curies":[{"name":"wp","href":"https:\/\/api.w.org\/{rel}","templated":true}]}}